{"id":504,"date":"2022-05-05T16:34:29","date_gmt":"2022-05-05T14:34:29","guid":{"rendered":"https:\/\/info.hepp2.com\/?page_id=504"},"modified":"2022-05-13T12:59:03","modified_gmt":"2022-05-13T10:59:03","slug":"pumpwerke","status":"publish","type":"page","link":"https:\/\/info.hepp2.com\/index.php\/pumpwerke\/","title":{"rendered":"Mobile Pumpwerke"},"content":{"rendered":"\n<figure class=\"wp-block-image size-full\"><img loading=\"lazy\" decoding=\"async\" width=\"842\" height=\"595\" src=\"https:\/\/info.hepp2.com\/wp-content\/uploads\/2022\/05\/Hepp2_mobiles_modulares_skalierbares_autarkes_Pumpwerk.png\" alt=\"Mobiles, modulares, skalierbares und autarkes Pumpwerk mit einer Leistung von bis zu 189 l\/s\" class=\"wp-image-517\" srcset=\"https:\/\/info.hepp2.com\/wp-content\/uploads\/2022\/05\/Hepp2_mobiles_modulares_skalierbares_autarkes_Pumpwerk.png 842w, https:\/\/info.hepp2.com\/wp-content\/uploads\/2022\/05\/Hepp2_mobiles_modulares_skalierbares_autarkes_Pumpwerk-300x212.png 300w, https:\/\/info.hepp2.com\/wp-content\/uploads\/2022\/05\/Hepp2_mobiles_modulares_skalierbares_autarkes_Pumpwerk-768x543.png 768w\" sizes=\"auto, (max-width: 842px) 100vw, 842px\" \/><figcaption>Mobiles, modulares, skalierbares und autarkes  Pumpwerk mit einer Leistung von bis zu 189 l\/s <\/figcaption><\/figure>\n\n\n\n<h2 class=\"wp-block-heading\">Mobil<\/h2>\n\n\n\n<p>Alle Komponeten unsere Pumpwerke sind hochmobil. Die Tauchpumpen mit einem Eigengewicht von unter 30kg und die Antriebsaggregate mit rund 100 kg k\u00f6nnen schnell und einfach transportiert und aufgebaut werden.<\/p>\n\n\n\n<h2 class=\"wp-block-heading\">Modular<\/h2>\n\n\n\n<p>Unsere Pumpwerke sind modular aufgebaut. Dies erm\u00f6glicht es unsere Tauchpmpen mit bestehenden Komponenten anderer Herstellter zu kombinieren. Dar\u00fcber hinaus sind unsere Systeme in sich modular. Sie haben die freie Wahl. Sie k\u00f6nnen unsere hydraulischen zwei, drei und vier zoll Tauchpumpen entweder elektrisch, mittels Benzin oder Dieselmotor betreiben.<\/p>\n\n\n\n<p>Sie haben jederzeit die M\u00f6glichkeit unsere Komponenten nach Ihren Anforderungen zu kombinieren. Sie entscheiden welche Antriebsquelle mit welchem Pumpenkopf kombiniert wird.<\/p>\n\n\n\n<h2 class=\"wp-block-heading\">Skalierbar<\/h2>\n\n\n\n<p>Sie ben\u00f6tigen mehr oder weniger Pumpleistung. Kein Problem. Sie k\u00f6nnen sowohl die Leistung jeder einzelnen Pumpe nach Ihren Bed\u00fcrfnissen exakt einstellen, als auch durch den Einsatz zus\u00e4tzlicher Pumpenk\u00f6pfe die Leistung Ihren Anforderungen entsprechend anpassen.<\/p>\n\n\n\n<p>Trennung von Motor und Tauchpumpenkopf erm\u00f6glicht es trotz r\u00e4umlicher Beschr\u00e4nkungen Pumpwerke mit 500 oder 1000 l\/s aufzubauen. Der Platzbedarf eines 63 l\/s Moduls (Pumpenkopf) liegt bei rund  0,076 m<sup>3<\/sup> Platzbedarf. Rein rechnerisch k\u00f6nnen Sie somit in 1 m<sup>3<\/sup> Raum rund 13 Pumpenk\u00f6pfe installieren. Dies entspricht einer theoretischen Pumpleistung von 819 l\/s auf 1 Kubikmeter.<\/p>\n\n\n\n<h2 class=\"wp-block-heading\">Autark<\/h2>\n\n\n\n<p>Auf Wunsch k\u00f6nnen unserer Pumpwerke vollkommen autark betrieben werden. Nachfolgendes Bild zeigt eines unserer autarken Pumpwerke mit einer theoreitschen Pumpleistung von bis zu 189 l\/s.<\/p>\n\n\n\n<p>Die \u00dcberwachung und Steuerung kann \u00fcber eine Mobilfunkverbindung mittels virtuellen privaten Netzwerk (VPN) von jedem Ort dieser Welt erfolgen.<\/p>\n\n\n\n<h2 class=\"wp-block-heading\">Redundant<\/h2>\n\n\n\n<p>Da alle Module unseres Pumpwerks unabh\u00e4ngig voneinander sind haben Sie auch ein plus an Sicherheit. Wenn Sie zum Beispiel 10 Module einsetzen, so k\u00f6nnten bis zu 9 Module ausfallen und selbst dann w\u00fcrde die Pumpleistung noch immer bis zu 63 l\/s erm\u00f6glichen.<\/p>\n\n\n\n<h2 class=\"wp-block-heading\">Kosteneffizient<\/h2>\n\n\n\n<p>Unsere Pumpwerke sind in mehrfacher Hinsicht kosteneffizient. Verglichen mit vergleichbarer Pumpleistung sind unsere Pumpwerke schon bei der Anschaffung regelm\u00e4\u00dfig die kosteneffizienteste Alternative.<\/p>\n\n\n\n<p>Bei der Verrohrung sind Standardschl\u00e4uche mit einem Durchmesser \u2264 4 zoll (\u00d8100mm) vollkommen ausreichend und sowohl g\u00fcnstig als auch einfach zu beschaffen und auch einfach zu verlegen.<\/p>\n\n\n\n<p>Die M\u00f6glichkeit der Anschlussverwendung als mobile kleine Pumpeinheiten f\u00fchrt zu noch mehr Kosteneffizienz.<\/p>\n\n\n\n<p>Sie k\u00f6nnen z.B. die 10 Module eines Pumpwerks jeweils einzeln an zehn verschiedenen Orten einsetzen oder diese auch wieder zu kleinen Pumpwerken kombinieren z.B. zu 2 Pumpwerken zu je 5 Modulen oder 5 Pumpwerke mit jeweils zwei Modulen usw.<\/p>\n\n\n\n\t\t\t<div class=\"wp-block-uagb-post-carousel uagb-post-grid  uagb-post__image-position-top uagb-post__image-enabled uagb-block-ae52db27     uagb-post__arrow-outside uagb-post__items uagb-post__columns-1 is-carousel uagb-post__columns-tablet-2 uagb-post__columns-mobile-1\" data-total=\"1\" style=\"\">\n\n\t\t\t\t\t\t\t\t\t\t\t\t<article class=\"uagb-post__inner-wrap\">\t\t\t\t\t\t\t\t<div class='uagb-post__image'>\n\t\t\t\t\t\t\t\t\t<a href=\"https:\/\/info.hepp2.com\/index.php\/2022\/03\/29\/kosteneffizienter-tauchpumpeneinsatz-sanierung-zulaufschnecken-klaeranlage-fuer-23-000-einwohner-im-laufenden-betrieb\/\" target=\"_self\" rel=\"bookmark noopener noreferrer\"><img loading=\"lazy\" decoding=\"async\" width=\"1024\" height=\"449\" src=\"https:\/\/info.hepp2.com\/wp-content\/uploads\/2022\/04\/4zollTauchpumpeFeuchttuecher-1024x449.png\" class=\"attachment-large size-large\" alt=\"Hepp2.com Tauchpumpe im Einsatz mit hohen Anteil von Feuchtt\u00fcchern im Abwasser\" srcset=\"https:\/\/info.hepp2.com\/wp-content\/uploads\/2022\/04\/4zollTauchpumpeFeuchttuecher-1024x449.png 1024w, https:\/\/info.hepp2.com\/wp-content\/uploads\/2022\/04\/4zollTauchpumpeFeuchttuecher-300x132.png 300w, https:\/\/info.hepp2.com\/wp-content\/uploads\/2022\/04\/4zollTauchpumpeFeuchttuecher-768x337.png 768w, https:\/\/info.hepp2.com\/wp-content\/uploads\/2022\/04\/4zollTauchpumpeFeuchttuecher-1536x674.png 1536w, https:\/\/info.hepp2.com\/wp-content\/uploads\/2022\/04\/4zollTauchpumpeFeuchttuecher.png 2000w\" sizes=\"auto, (max-width: 1024px) 100vw, 1024px\" \/>\t\t\t\t\t<\/a>\n\t\t\t\t\t\t\t\t\t<\/div>\n\t\t\t\t\t\t<h4 class=\"uagb-post__title uagb-post__text\">\n\t\t\t\t<a href=\"https:\/\/info.hepp2.com\/index.php\/2022\/03\/29\/kosteneffizienter-tauchpumpeneinsatz-sanierung-zulaufschnecken-klaeranlage-fuer-23-000-einwohner-im-laufenden-betrieb\/\" target=\"_self\" rel=\"bookmark noopener noreferrer\">Kosteneffizienter Tauchpumpeneinsatz &#8211; Sanierung Zulaufschnecken Kl\u00e4ranlage f\u00fcr 23.000 Einwohner im laufenden Betrieb<\/a>\n\t\t\t<\/h4>\n\t\t\t\t\t\t<div class='uagb-post__text uagb-post-grid-byline'>\n\t\t\t\t\t\t\t\t<time datetime=\"2022-03-29T11:13:05+02:00\" class=\"uagb-post__date\">\n\t\t\t\t<span class=\"dashicons-calendar dashicons\"><\/span>\t\t\t\t\t29. M\u00e4rz 2022\t\t\t\t<\/time>\n\t\t\t\t\t\t\t<span class=\"uagb-post__comment\">\n\t\t\t\t<span class=\"dashicons-admin-comments dashicons\"><\/span>\t\t\t\t\tKeine Kommentare\t\t\t\t<\/span>\n\t\t\t\t\t\t<\/div>\n\t\t\t\t\t\t\t<div class='uagb-post__text uagb-post__excerpt'>\n\t\t\t\t\tMobiles, modulares und skalierbares Pumpwerk mit einer Pumpleistung von bis zu 264 l\/s bestehend aus&#8230;\t\t\t\t<\/div>\n\t\t\t\t\t\t<div class=\"uagb-post__text uagb-post__cta wp-block-button\">\n\t\t\t\t<a class=\"wp-block-button__link uagb-text-link\" style=\"\" href=\"https:\/\/info.hepp2.com\/index.php\/2022\/03\/29\/kosteneffizienter-tauchpumpeneinsatz-sanierung-zulaufschnecken-klaeranlage-fuer-23-000-einwohner-im-laufenden-betrieb\/\" target=\"_self\" rel=\"bookmark noopener noreferrer\">Weiterlesen<\/a>\n\t\t\t<\/div>\n\t\t\t\n\t\t\t\t\t\t\t\t\t<\/article>\n\t\t\t\t\t\t\t\t\t\t\t<\/div>\n\t\t\t","protected":false},"excerpt":{"rendered":"<p>Mobil Alle Komponeten unsere Pumpwerke sind hochmobil. Die Tauchpumpen mit einem Eigengewicht von unter 30kg und die Antriebsaggregate mit rund 100 kg k\u00f6nnen schnell und einfach transportiert und aufgebaut werden. Modular Unsere Pumpwerke sind modular aufgebaut. Dies erm\u00f6glicht es unsere Tauchpmpen mit bestehenden Komponenten anderer Herstellter zu kombinieren. Dar\u00fcber hinaus sind unsere Systeme in sich [&hellip;]<\/p>\n","protected":false},"author":1,"featured_media":517,"parent":0,"menu_order":0,"comment_status":"closed","ping_status":"closed","template":"","meta":{"inline_featured_image":false,"_uag_custom_page_level_css":"","site-sidebar-layout":"default","site-content-layout":"default","ast-site-content-layout":"default","site-content-style":"default","site-sidebar-style":"default","ast-global-header-display":"","ast-banner-title-visibility":"","ast-main-header-display":"","ast-hfb-above-header-display":"","ast-hfb-below-header-display":"","ast-hfb-mobile-header-display":"","site-post-title":"","ast-breadcrumbs-content":"","ast-featured-img":"disabled","footer-sml-layout":"","ast-disable-related-posts":"","theme-transparent-header-meta":"","adv-header-id-meta":"","stick-header-meta":"","header-above-stick-meta":"","header-main-stick-meta":"","header-below-stick-meta":"","astra-migrate-meta-layouts":"default","ast-page-background-enabled":"default","ast-page-background-meta":{"desktop":{"background-color":"","background-image":"","background-repeat":"repeat","background-position":"center center","background-size":"auto","background-attachment":"scroll","background-type":"","background-media":"","overlay-type":"","overlay-color":"","overlay-opacity":"","overlay-gradient":""},"tablet":{"background-color":"","background-image":"","background-repeat":"repeat","background-position":"center center","background-size":"auto","background-attachment":"scroll","background-type":"","background-media":"","overlay-type":"","overlay-color":"","overlay-opacity":"","overlay-gradient":""},"mobile":{"background-color":"","background-image":"","background-repeat":"repeat","background-position":"center center","background-size":"auto","background-attachment":"scroll","background-type":"","background-media":"","overlay-type":"","overlay-color":"","overlay-opacity":"","overlay-gradient":""}},"ast-content-background-meta":{"desktop":{"background-color":"var(--ast-global-color-5)","background-image":"","background-repeat":"repeat","background-position":"center center","background-size":"auto","background-attachment":"scroll","background-type":"","background-media":"","overlay-type":"","overlay-color":"","overlay-opacity":"","overlay-gradient":""},"tablet":{"background-color":"var(--ast-global-color-5)","background-image":"","background-repeat":"repeat","background-position":"center center","background-size":"auto","background-attachment":"scroll","background-type":"","background-media":"","overlay-type":"","overlay-color":"","overlay-opacity":"","overlay-gradient":""},"mobile":{"background-color":"var(--ast-global-color-5)","background-image":"","background-repeat":"repeat","background-position":"center center","background-size":"auto","background-attachment":"scroll","background-type":"","background-media":"","overlay-type":"","overlay-color":"","overlay-opacity":"","overlay-gradient":""}},"footnotes":""},"class_list":["post-504","page","type-page","status-publish","has-post-thumbnail","hentry"],"uagb_featured_image_src":{"full":["https:\/\/info.hepp2.com\/wp-content\/uploads\/2022\/05\/Hepp2_mobiles_modulares_skalierbares_autarkes_Pumpwerk.png",842,595,false],"thumbnail":["https:\/\/info.hepp2.com\/wp-content\/uploads\/2022\/05\/Hepp2_mobiles_modulares_skalierbares_autarkes_Pumpwerk-150x150.png",150,150,true],"medium":["https:\/\/info.hepp2.com\/wp-content\/uploads\/2022\/05\/Hepp2_mobiles_modulares_skalierbares_autarkes_Pumpwerk-300x212.png",300,212,true],"medium_large":["https:\/\/info.hepp2.com\/wp-content\/uploads\/2022\/05\/Hepp2_mobiles_modulares_skalierbares_autarkes_Pumpwerk-768x543.png",768,543,true],"large":["https:\/\/info.hepp2.com\/wp-content\/uploads\/2022\/05\/Hepp2_mobiles_modulares_skalierbares_autarkes_Pumpwerk.png",842,595,false],"1536x1536":["https:\/\/info.hepp2.com\/wp-content\/uploads\/2022\/05\/Hepp2_mobiles_modulares_skalierbares_autarkes_Pumpwerk.png",842,595,false],"2048x2048":["https:\/\/info.hepp2.com\/wp-content\/uploads\/2022\/05\/Hepp2_mobiles_modulares_skalierbares_autarkes_Pumpwerk.png",842,595,false]},"uagb_author_info":{"display_name":"Philipp Stempfle","author_link":"https:\/\/info.hepp2.com\/index.php\/author\/ps\/"},"uagb_comment_info":0,"uagb_excerpt":"Mobil Alle Komponeten unsere Pumpwerke sind hochmobil. Die Tauchpumpen mit einem Eigengewicht von unter 30kg und die Antriebsaggregate mit rund 100 kg k\u00f6nnen schnell und einfach transportiert und aufgebaut werden. Modular Unsere Pumpwerke sind modular aufgebaut. Dies erm\u00f6glicht es unsere Tauchpmpen mit bestehenden Komponenten anderer Herstellter zu kombinieren. Dar\u00fcber hinaus sind unsere Systeme in sich&hellip;","_links":{"self":[{"href":"https:\/\/info.hepp2.com\/index.php\/wp-json\/wp\/v2\/pages\/504","targetHints":{"allow":["GET"]}}],"collection":[{"href":"https:\/\/info.hepp2.com\/index.php\/wp-json\/wp\/v2\/pages"}],"about":[{"href":"https:\/\/info.hepp2.com\/index.php\/wp-json\/wp\/v2\/types\/page"}],"author":[{"embeddable":true,"href":"https:\/\/info.hepp2.com\/index.php\/wp-json\/wp\/v2\/users\/1"}],"replies":[{"embeddable":true,"href":"https:\/\/info.hepp2.com\/index.php\/wp-json\/wp\/v2\/comments?post=504"}],"version-history":[{"count":27,"href":"https:\/\/info.hepp2.com\/index.php\/wp-json\/wp\/v2\/pages\/504\/revisions"}],"predecessor-version":[{"id":555,"href":"https:\/\/info.hepp2.com\/index.php\/wp-json\/wp\/v2\/pages\/504\/revisions\/555"}],"wp:featuredmedia":[{"embeddable":true,"href":"https:\/\/info.hepp2.com\/index.php\/wp-json\/wp\/v2\/media\/517"}],"wp:attachment":[{"href":"https:\/\/info.hepp2.com\/index.php\/wp-json\/wp\/v2\/media?parent=504"}],"curies":[{"name":"wp","href":"https:\/\/api.w.org\/{rel}","templated":true}]}}